{"id":101,"date":"2023-02-06T16:26:07","date_gmt":"2023-02-06T16:26:07","guid":{"rendered":"https:\/\/grancanariaajedrez.es\/?page_id=101"},"modified":"2025-12-18T23:14:47","modified_gmt":"2025-12-18T23:14:47","slug":"colaboraciones","status":"publish","type":"page","link":"https:\/\/grancanariaajedrez.es\/index.php\/colaboraciones\/","title":{"rendered":"Colaboraciones"},"content":{"rendered":"\t\t<div data-elementor-type=\"wp-page\" data-elementor-id=\"101\" class=\"elementor elementor-101\" data-elementor-settings=\"{&quot;ha_cmc_init_switcher&quot;:&quot;no&quot;}\" data-elementor-post-type=\"page\">\n\t\t\t\t\t\t<section class=\"elementor-section elementor-top-section elementor-element elementor-element-3b310ab elementor-section-boxed elementor-section-height-default elementor-section-height-default\" data-id=\"3b310ab\" data-element_type=\"section\" data-e-type=\"section\" data-settings=\"{&quot;_ha_eqh_enable&quot;:false}\">\n\t\t\t\t\t\t<div class=\"elementor-container elementor-column-gap-default\">\n\t\t\t\t\t<div class=\"elementor-column elementor-col-100 elementor-top-column elementor-element elementor-element-a231fa7\" data-id=\"a231fa7\" data-element_type=\"column\" data-e-type=\"column\">\n\t\t\t<div class=\"elementor-widget-wrap elementor-element-populated\">\n\t\t\t\t\t\t<div class=\"elementor-element elementor-element-16d2812 elementor-widget elementor-widget-heading\" data-id=\"16d2812\" data-element_type=\"widget\" data-e-type=\"widget\" data-widget_type=\"heading.default\">\n\t\t\t\t<div class=\"elementor-widget-container\">\n\t\t\t\t\t<h1 class=\"elementor-heading-title elementor-size-default\">Colaboraciones<\/h1>\t\t\t\t<\/div>\n\t\t\t\t<\/div>\n\t\t\t\t\t<\/div>\n\t\t<\/div>\n\t\t\t\t\t<\/div>\n\t\t<\/section>\n\t\t\t\t<section class=\"elementor-section elementor-top-section elementor-element elementor-element-2ac8f0d elementor-section-boxed elementor-section-height-default elementor-section-height-default\" data-id=\"2ac8f0d\" data-element_type=\"section\" data-e-type=\"section\" data-settings=\"{&quot;_ha_eqh_enable&quot;:false}\">\n\t\t\t\t\t\t<div class=\"elementor-container elementor-column-gap-default\">\n\t\t\t\t\t<div class=\"elementor-column elementor-col-100 elementor-top-column elementor-element elementor-element-ad346b7\" data-id=\"ad346b7\" data-element_type=\"column\" data-e-type=\"column\">\n\t\t\t<div class=\"elementor-widget-wrap elementor-element-populated\">\n\t\t\t\t\t\t<div class=\"elementor-element elementor-element-b105405 elementor-widget elementor-widget-spacer\" data-id=\"b105405\" data-element_type=\"widget\" data-e-type=\"widget\" data-widget_type=\"spacer.default\">\n\t\t\t\t<div class=\"elementor-widget-container\">\n\t\t\t\t\t\t\t<div class=\"elementor-spacer\">\n\t\t\t<div class=\"elementor-spacer-inner\"><\/div>\n\t\t<\/div>\n\t\t\t\t\t\t<\/div>\n\t\t\t\t<\/div>\n\t\t\t\t<div class=\"elementor-element elementor-element-a1198b6 elementor-widget elementor-widget-text-editor\" data-id=\"a1198b6\" data-element_type=\"widget\" data-e-type=\"widget\" data-widget_type=\"text-editor.default\">\n\t\t\t\t<div class=\"elementor-widget-container\">\n\t\t\t\t\t\t\t\t\t<p>Estimados visitantes de la p\u00e1gina web de la Federaci\u00f3n Insular de Ajedrez de Gran Canaria, les agradecemos su inter\u00e9s en nuestra organizaci\u00f3n. Somos un grupo dedicado a promover y fomentar el ajedrez en la isla de Gran Canaria, y nos esforzamos por brindar a los jugadores de todas las edades y habilidades la oportunidad de mejorar y disfrutar del juego.<\/p><p>Sin embargo, para continuar ofreciendo estos programas y eventos, necesitamos su ayuda. Como organizaci\u00f3n sin fines de lucro, dependemos de la generosidad de personas como usted para mantenernos funcionando. Cualquier donaci\u00f3n, por peque\u00f1a que sea, nos ayudar\u00e1 a alcanzar nuestros objetivos y a continuar apoyando a la comunidad de ajedrecistas de Gran Canaria.<\/p><p>Si desea contribuir, puede hacerlo a trav\u00e9s de nuestra p\u00e1gina web mediante una donaci\u00f3n segura en l\u00ednea. Tambi\u00e9n puede contactarnos para obtener m\u00e1s informaci\u00f3n sobre c\u00f3mo ayudar. Juntos, podemos seguir creciendo y mejorando la comunidad de ajedrez en Gran Canaria. \u00a1Gracias por su apoyo!<\/p>\t\t\t\t\t\t\t\t<\/div>\n\t\t\t\t<\/div>\n\t\t\t\t\t<\/div>\n\t\t<\/div>\n\t\t\t\t\t<\/div>\n\t\t<\/section>\n\t\t\t\t<section class=\"elementor-section elementor-top-section elementor-element elementor-element-6c620fd elementor-section-boxed elementor-section-height-default elementor-section-height-default\" data-id=\"6c620fd\" data-element_type=\"section\" data-e-type=\"section\" data-settings=\"{&quot;_ha_eqh_enable&quot;:false}\">\n\t\t\t\t\t\t<div class=\"elementor-container elementor-column-gap-default\">\n\t\t\t\t\t<div class=\"elementor-column elementor-col-100 elementor-top-column elementor-element elementor-element-c06fcde\" data-id=\"c06fcde\" data-element_type=\"column\" data-e-type=\"column\">\n\t\t\t<div class=\"elementor-widget-wrap elementor-element-populated\">\n\t\t\t\t\t\t<div class=\"elementor-element elementor-element-a30c3f0 elementor-widget elementor-widget-image-gallery\" data-id=\"a30c3f0\" data-element_type=\"widget\" data-e-type=\"widget\" data-widget_type=\"image-gallery.default\">\n\t\t\t\t<div class=\"elementor-widget-container\">\n\t\t\t\t\t\t\t<div class=\"elementor-image-gallery\">\n\t\t\t<div id='gallery-1' class='gallery galleryid-101 gallery-columns-3 gallery-size-thumbnail'><figure class='gallery-item'>\n\t\t\t<div class='gallery-icon landscape'>\n\t\t\t\t<a data-elementor-open-lightbox=\"yes\" data-elementor-lightbox-slideshow=\"a30c3f0\" data-elementor-lightbox-title=\"22\" data-e-action-hash=\"#elementor-action%3Aaction%3Dlightbox%26settings%3DeyJpZCI6NzQ5LCJ1cmwiOiJodHRwczpcL1wvZ3JhbmNhbmFyaWFhamVkcmV6LmVzXC93cC1jb250ZW50XC91cGxvYWRzXC8yMDIzXC8wMlwvMjIucG5nIiwic2xpZGVzaG93IjoiYTMwYzNmMCJ9\" href='https:\/\/grancanariaajedrez.es\/wp-content\/uploads\/2023\/02\/22.png'><img decoding=\"async\" width=\"150\" height=\"150\" src=\"https:\/\/grancanariaajedrez.es\/wp-content\/uploads\/2023\/02\/22-150x150.png\" class=\"attachment-thumbnail size-thumbnail\" alt=\"\" \/><\/a>\n\t\t\t<\/div><\/figure><figure class='gallery-item'>\n\t\t\t<div class='gallery-icon landscape'>\n\t\t\t\t<a data-elementor-open-lightbox=\"yes\" data-elementor-lightbox-slideshow=\"a30c3f0\" data-elementor-lightbox-title=\"333\" data-e-action-hash=\"#elementor-action%3Aaction%3Dlightbox%26settings%3DeyJpZCI6NzUwLCJ1cmwiOiJodHRwczpcL1wvZ3JhbmNhbmFyaWFhamVkcmV6LmVzXC93cC1jb250ZW50XC91cGxvYWRzXC8yMDIzXC8wMlwvMzMzLnBuZyIsInNsaWRlc2hvdyI6ImEzMGMzZjAifQ%3D%3D\" href='https:\/\/grancanariaajedrez.es\/wp-content\/uploads\/2023\/02\/333.png'><img decoding=\"async\" width=\"150\" height=\"150\" src=\"https:\/\/grancanariaajedrez.es\/wp-content\/uploads\/2023\/02\/333-150x150.png\" class=\"attachment-thumbnail size-thumbnail\" alt=\"\" \/><\/a>\n\t\t\t<\/div><\/figure><figure class='gallery-item'>\n\t\t\t<div class='gallery-icon landscape'>\n\t\t\t\t<a data-elementor-open-lightbox=\"yes\" data-elementor-lightbox-slideshow=\"a30c3f0\" data-elementor-lightbox-title=\"11\" data-e-action-hash=\"#elementor-action%3Aaction%3Dlightbox%26settings%3DeyJpZCI6NzQ4LCJ1cmwiOiJodHRwczpcL1wvZ3JhbmNhbmFyaWFhamVkcmV6LmVzXC93cC1jb250ZW50XC91cGxvYWRzXC8yMDIzXC8wMlwvMTEucG5nIiwic2xpZGVzaG93IjoiYTMwYzNmMCJ9\" href='https:\/\/grancanariaajedrez.es\/wp-content\/uploads\/2023\/02\/11.png'><img decoding=\"async\" width=\"150\" height=\"150\" src=\"https:\/\/grancanariaajedrez.es\/wp-content\/uploads\/2023\/02\/11-150x150.png\" class=\"attachment-thumbnail size-thumbnail\" alt=\"\" \/><\/a>\n\t\t\t<\/div><\/figure><figure class='gallery-item'>\n\t\t\t<div class='gallery-icon landscape'>\n\t\t\t\t<a data-elementor-open-lightbox=\"yes\" data-elementor-lightbox-slideshow=\"a30c3f0\" data-elementor-lightbox-title=\"feda\" data-e-action-hash=\"#elementor-action%3Aaction%3Dlightbox%26settings%3DeyJpZCI6NjIxLCJ1cmwiOiJodHRwczpcL1wvZ3JhbmNhbmFyaWFhamVkcmV6LmVzXC93cC1jb250ZW50XC91cGxvYWRzXC8yMDIzXC8wMlwvU2luLXRpdHVsby0xLTEucG5nIiwic2xpZGVzaG93IjoiYTMwYzNmMCJ9\" href='https:\/\/grancanariaajedrez.es\/wp-content\/uploads\/2023\/02\/Sin-titulo-1-1.png'><img loading=\"lazy\" decoding=\"async\" width=\"150\" height=\"150\" src=\"https:\/\/grancanariaajedrez.es\/wp-content\/uploads\/2023\/02\/Sin-titulo-1-1-150x150.png\" class=\"attachment-thumbnail size-thumbnail\" alt=\"\" aria-describedby=\"gallery-1-621\" \/><\/a>\n\t\t\t<\/div>\n\t\t\t\t<figcaption class='wp-caption-text gallery-caption' id='gallery-1-621'>\n\t\t\t\tFederaci\u00f3n canaria de Ajedrez\n\t\t\t\t<\/figcaption><\/figure>\n\t\t<\/div>\n\t\t<\/div>\n\t\t\t\t\t\t<\/div>\n\t\t\t\t<\/div>\n\t\t\t\t\t<\/div>\n\t\t<\/div>\n\t\t\t\t\t<\/div>\n\t\t<\/section>\n\t\t\t\t<\/div>\n\t\t","protected":false},"excerpt":{"rendered":"<p>Colaboraciones Estimados visitantes de la p\u00e1gina web de la Federaci\u00f3n Insular de Ajedrez de Gran Canaria, les agradecemos su inter\u00e9s en nuestra organizaci\u00f3n. Somos un grupo dedicado a promover y fomentar el ajedrez en la isla de Gran Canaria, y nos esforzamos por brindar a los jugadores de todas las edades y habilidades la oportunidad [&hellip;]<\/p>\n","protected":false},"author":4,"featured_media":0,"parent":0,"menu_order":0,"comment_status":"closed","ping_status":"closed","template":"","meta":{"ngg_post_thumbnail":0,"footnotes":""},"class_list":["post-101","page","type-page","status-publish","hentry"],"yoast_head":"<!-- This site is optimized with the Yoast SEO plugin v27.3 - https:\/\/yoast.com\/product\/yoast-seo-wordpress\/ -->\n<title>Colaboraciones - Federaci\u00f3n insular de ajedrez de Gran Canaria<\/title>\n<meta name=\"robots\" content=\"index, follow, max-snippet:-1, max-image-preview:large, max-video-preview:-1\" \/>\n<link rel=\"canonical\" href=\"https:\/\/grancanariaajedrez.es\/index.php\/colaboraciones\/\" \/>\n<meta property=\"og:locale\" content=\"es_ES\" \/>\n<meta property=\"og:type\" content=\"article\" \/>\n<meta property=\"og:title\" content=\"Colaboraciones - Federaci\u00f3n insular de ajedrez de Gran Canaria\" \/>\n<meta property=\"og:description\" content=\"Colaboraciones Estimados visitantes de la p\u00e1gina web de la Federaci\u00f3n Insular de Ajedrez de Gran Canaria, les agradecemos su inter\u00e9s en nuestra organizaci\u00f3n. Somos un grupo dedicado a promover y fomentar el ajedrez en la isla de Gran Canaria, y nos esforzamos por brindar a los jugadores de todas las edades y habilidades la oportunidad [&hellip;]\" \/>\n<meta property=\"og:url\" content=\"https:\/\/grancanariaajedrez.es\/index.php\/colaboraciones\/\" \/>\n<meta property=\"og:site_name\" content=\"Federaci\u00f3n insular de ajedrez de Gran Canaria\" \/>\n<meta property=\"article:publisher\" content=\"https:\/\/www.facebook.com\/people\/Federacion-Ajedrez-Gran-Canaria\/100057093924634\/\" \/>\n<meta property=\"article:modified_time\" content=\"2025-12-18T23:14:47+00:00\" \/>\n<meta property=\"og:image\" content=\"https:\/\/grancanariaajedrez.es\/wp-content\/uploads\/2023\/02\/22-150x150.png\" \/>\n<meta name=\"twitter:card\" content=\"summary_large_image\" \/>\n<meta name=\"twitter:label1\" content=\"Tiempo de lectura\" \/>\n\t<meta name=\"twitter:data1\" content=\"2 minutos\" \/>\n<script type=\"application\/ld+json\" class=\"yoast-schema-graph\">{\"@context\":\"https:\\\/\\\/schema.org\",\"@graph\":[{\"@type\":\"WebPage\",\"@id\":\"https:\\\/\\\/grancanariaajedrez.es\\\/index.php\\\/colaboraciones\\\/\",\"url\":\"https:\\\/\\\/grancanariaajedrez.es\\\/index.php\\\/colaboraciones\\\/\",\"name\":\"Colaboraciones - Federaci\u00f3n insular de ajedrez de Gran Canaria\",\"isPartOf\":{\"@id\":\"https:\\\/\\\/grancanariaajedrez.es\\\/#website\"},\"primaryImageOfPage\":{\"@id\":\"https:\\\/\\\/grancanariaajedrez.es\\\/index.php\\\/colaboraciones\\\/#primaryimage\"},\"image\":{\"@id\":\"https:\\\/\\\/grancanariaajedrez.es\\\/index.php\\\/colaboraciones\\\/#primaryimage\"},\"thumbnailUrl\":\"https:\\\/\\\/grancanariaajedrez.es\\\/wp-content\\\/uploads\\\/2023\\\/02\\\/22-150x150.png\",\"datePublished\":\"2023-02-06T16:26:07+00:00\",\"dateModified\":\"2025-12-18T23:14:47+00:00\",\"breadcrumb\":{\"@id\":\"https:\\\/\\\/grancanariaajedrez.es\\\/index.php\\\/colaboraciones\\\/#breadcrumb\"},\"inLanguage\":\"es\",\"potentialAction\":[{\"@type\":\"ReadAction\",\"target\":[\"https:\\\/\\\/grancanariaajedrez.es\\\/index.php\\\/colaboraciones\\\/\"]}]},{\"@type\":\"ImageObject\",\"inLanguage\":\"es\",\"@id\":\"https:\\\/\\\/grancanariaajedrez.es\\\/index.php\\\/colaboraciones\\\/#primaryimage\",\"url\":\"https:\\\/\\\/grancanariaajedrez.es\\\/wp-content\\\/uploads\\\/2023\\\/02\\\/22.png\",\"contentUrl\":\"https:\\\/\\\/grancanariaajedrez.es\\\/wp-content\\\/uploads\\\/2023\\\/02\\\/22.png\",\"width\":207,\"height\":190},{\"@type\":\"BreadcrumbList\",\"@id\":\"https:\\\/\\\/grancanariaajedrez.es\\\/index.php\\\/colaboraciones\\\/#breadcrumb\",\"itemListElement\":[{\"@type\":\"ListItem\",\"position\":1,\"name\":\"Portada\",\"item\":\"https:\\\/\\\/grancanariaajedrez.es\\\/\"},{\"@type\":\"ListItem\",\"position\":2,\"name\":\"Colaboraciones\"}]},{\"@type\":\"WebSite\",\"@id\":\"https:\\\/\\\/grancanariaajedrez.es\\\/#website\",\"url\":\"https:\\\/\\\/grancanariaajedrez.es\\\/\",\"name\":\"Grancanariaajedrez.es\",\"description\":\"Federaci\u00f3n insular de ajedrez de Gran Canaria\",\"potentialAction\":[{\"@type\":\"SearchAction\",\"target\":{\"@type\":\"EntryPoint\",\"urlTemplate\":\"https:\\\/\\\/grancanariaajedrez.es\\\/?s={search_term_string}\"},\"query-input\":{\"@type\":\"PropertyValueSpecification\",\"valueRequired\":true,\"valueName\":\"search_term_string\"}}],\"inLanguage\":\"es\"}]}<\/script>\n<!-- \/ Yoast SEO plugin. -->","yoast_head_json":{"title":"Colaboraciones - Federaci\u00f3n insular de ajedrez de Gran Canaria","robots":{"index":"index","follow":"follow","max-snippet":"max-snippet:-1","max-image-preview":"max-image-preview:large","max-video-preview":"max-video-preview:-1"},"canonical":"https:\/\/grancanariaajedrez.es\/index.php\/colaboraciones\/","og_locale":"es_ES","og_type":"article","og_title":"Colaboraciones - Federaci\u00f3n insular de ajedrez de Gran Canaria","og_description":"Colaboraciones Estimados visitantes de la p\u00e1gina web de la Federaci\u00f3n Insular de Ajedrez de Gran Canaria, les agradecemos su inter\u00e9s en nuestra organizaci\u00f3n. Somos un grupo dedicado a promover y fomentar el ajedrez en la isla de Gran Canaria, y nos esforzamos por brindar a los jugadores de todas las edades y habilidades la oportunidad [&hellip;]","og_url":"https:\/\/grancanariaajedrez.es\/index.php\/colaboraciones\/","og_site_name":"Federaci\u00f3n insular de ajedrez de Gran Canaria","article_publisher":"https:\/\/www.facebook.com\/people\/Federacion-Ajedrez-Gran-Canaria\/100057093924634\/","article_modified_time":"2025-12-18T23:14:47+00:00","og_image":[{"url":"https:\/\/grancanariaajedrez.es\/wp-content\/uploads\/2023\/02\/22-150x150.png","type":"","width":"","height":""}],"twitter_card":"summary_large_image","twitter_misc":{"Tiempo de lectura":"2 minutos"},"schema":{"@context":"https:\/\/schema.org","@graph":[{"@type":"WebPage","@id":"https:\/\/grancanariaajedrez.es\/index.php\/colaboraciones\/","url":"https:\/\/grancanariaajedrez.es\/index.php\/colaboraciones\/","name":"Colaboraciones - Federaci\u00f3n insular de ajedrez de Gran Canaria","isPartOf":{"@id":"https:\/\/grancanariaajedrez.es\/#website"},"primaryImageOfPage":{"@id":"https:\/\/grancanariaajedrez.es\/index.php\/colaboraciones\/#primaryimage"},"image":{"@id":"https:\/\/grancanariaajedrez.es\/index.php\/colaboraciones\/#primaryimage"},"thumbnailUrl":"https:\/\/grancanariaajedrez.es\/wp-content\/uploads\/2023\/02\/22-150x150.png","datePublished":"2023-02-06T16:26:07+00:00","dateModified":"2025-12-18T23:14:47+00:00","breadcrumb":{"@id":"https:\/\/grancanariaajedrez.es\/index.php\/colaboraciones\/#breadcrumb"},"inLanguage":"es","potentialAction":[{"@type":"ReadAction","target":["https:\/\/grancanariaajedrez.es\/index.php\/colaboraciones\/"]}]},{"@type":"ImageObject","inLanguage":"es","@id":"https:\/\/grancanariaajedrez.es\/index.php\/colaboraciones\/#primaryimage","url":"https:\/\/grancanariaajedrez.es\/wp-content\/uploads\/2023\/02\/22.png","contentUrl":"https:\/\/grancanariaajedrez.es\/wp-content\/uploads\/2023\/02\/22.png","width":207,"height":190},{"@type":"BreadcrumbList","@id":"https:\/\/grancanariaajedrez.es\/index.php\/colaboraciones\/#breadcrumb","itemListElement":[{"@type":"ListItem","position":1,"name":"Portada","item":"https:\/\/grancanariaajedrez.es\/"},{"@type":"ListItem","position":2,"name":"Colaboraciones"}]},{"@type":"WebSite","@id":"https:\/\/grancanariaajedrez.es\/#website","url":"https:\/\/grancanariaajedrez.es\/","name":"Grancanariaajedrez.es","description":"Federaci\u00f3n insular de ajedrez de Gran Canaria","potentialAction":[{"@type":"SearchAction","target":{"@type":"EntryPoint","urlTemplate":"https:\/\/grancanariaajedrez.es\/?s={search_term_string}"},"query-input":{"@type":"PropertyValueSpecification","valueRequired":true,"valueName":"search_term_string"}}],"inLanguage":"es"}]}},"_links":{"self":[{"href":"https:\/\/grancanariaajedrez.es\/index.php\/wp-json\/wp\/v2\/pages\/101","targetHints":{"allow":["GET"]}}],"collection":[{"href":"https:\/\/grancanariaajedrez.es\/index.php\/wp-json\/wp\/v2\/pages"}],"about":[{"href":"https:\/\/grancanariaajedrez.es\/index.php\/wp-json\/wp\/v2\/types\/page"}],"author":[{"embeddable":true,"href":"https:\/\/grancanariaajedrez.es\/index.php\/wp-json\/wp\/v2\/users\/4"}],"replies":[{"embeddable":true,"href":"https:\/\/grancanariaajedrez.es\/index.php\/wp-json\/wp\/v2\/comments?post=101"}],"version-history":[{"count":31,"href":"https:\/\/grancanariaajedrez.es\/index.php\/wp-json\/wp\/v2\/pages\/101\/revisions"}],"predecessor-version":[{"id":5485,"href":"https:\/\/grancanariaajedrez.es\/index.php\/wp-json\/wp\/v2\/pages\/101\/revisions\/5485"}],"wp:attachment":[{"href":"https:\/\/grancanariaajedrez.es\/index.php\/wp-json\/wp\/v2\/media?parent=101"}],"curies":[{"name":"wp","href":"https:\/\/api.w.org\/{rel}","templated":true}]}}